{"id":1910,"date":"2016-10-10T08:53:31","date_gmt":"2016-10-10T01:53:31","guid":{"rendered":"http:\/\/hitechfactory.vn\/?page_id=1910&#038;lang=ja"},"modified":"2016-12-16T14:51:08","modified_gmt":"2016-12-16T07:51:08","slug":"rentins","status":"publish","type":"page","link":"https:\/\/hitechfactory.vn\/ja\/rentins\/","title":{"rendered":"Rentins"},"content":{"rendered":"<p>[vc_row][vc_column][vc_custom_heading text=&#8221;CHO THU\u00ca NH\u00c0 X\u01af\u1edeNG&#8221; font_container=&#8221;tag:h2|text_align:center|color:%23033379&#8243; google_fonts=&#8221;font_family:Roboto%3A100%2C100italic%2C300%2C300italic%2Cregular%2Citalic%2C500%2C500italic%2C700%2C700italic%2C900%2C900italic|font_style:900%20bold%20italic%3A900%3Aitalic&#8221;][vc_column_text]<\/p>\n<p style=\"text-align: center;\"><strong>H\u1ec7 th\u1ed1ng 4 nh\u00e0 x\u01b0\u1edfng cao 6 t\u1ea7ng v\u1edbi di\u1ec7n t\u00edch t\u1eeb 1200m2-2700m2 \u0111\u00e1p \u1ee9ng ti\u00eau chu\u1ea9n hi\u1ec7n \u0111\u1ea1i, th\u1ea9m m\u1ef9, nhi\u1ec1u ti\u1ec7n \u00edch ph\u1ee5c v\u1ee5 cho nhu c\u1ea7u \u0111\u1ea7u t\u01b0 s\u1ea3n xu\u1ea5t v\u00e0 l\u00e0m kho x\u01b0\u1edfng, v\u0103n ph\u00f2ng c\u1ee7a c\u00e1c doanh nghi\u1ec7p t\u1ea1i khu C\u00f4ng ngh\u1ec7 cao TP. H\u1ed3 Ch\u00ed Minh.<\/strong><\/p>\n<p>[\/vc_column_text][\/vc_column][\/vc_row][vc_row][vc_column width=&#8221;1\/2&#8243;][vc_images_carousel images=&#8221;986,987,988,989,985&#8243; img_size=&#8221;full&#8221;][vc_column_text]<\/p>\n<p style=\"text-align: center;\"><b>NH\u00c0 X\u01af\u1edeNG 01<\/b><br \/>\n<em>Di\u1ec7n t\u00edch<\/em> 2.500 m2<\/p>\n<p>[\/vc_column_text][\/vc_column][vc_column width=&#8221;1\/2&#8243;][vc_images_carousel images=&#8221;992,993,994,995,996&#8243; img_size=&#8221;full&#8221;][vc_column_text]<\/p>\n<p style=\"text-align: center;\"><b>NH\u00c0 X\u01af\u1edeNG 02<\/b><br \/>\n<em>Di\u1ec7n t\u00edch<\/em> 2.700 m2<\/p>\n<p>[\/vc_column_text][\/vc_column][\/vc_row][vc_row][vc_column width=&#8221;1\/2&#8243;][vc_images_carousel images=&#8221;998,999,1000,1001,1002,1003&#8243; img_size=&#8221;full&#8221;][vc_column_text]<\/p>\n<p style=\"text-align: center;\"><b>NH\u00c0 X\u01af\u1edeNG 03<\/b><br \/>\n<em>Di\u1ec7n t\u00edch<\/em> 2.600 m2<\/p>\n<p>[\/vc_column_text][\/vc_column][vc_column width=&#8221;1\/2&#8243;][vc_images_carousel images=&#8221;1017,1018,1019,1020,1021&#8243; img_size=&#8221;full&#8221;][vc_column_text]<\/p>\n<p style=\"text-align: center;\"><b>NH\u00c0 X\u01af\u1edeNG 04<\/b><br \/>\n<em>Di\u1ec7n t\u00edch<\/em>\u00a01.200 m2<\/p>\n<p>[\/vc_column_text][\/vc_column][\/vc_row][vc_row][vc_column][vc_tabs][vc_tab title=&#8221;TI\u1ec6N \u00cdCH&#8221; tab_id=&#8221;a0791e9a-7c67-1&#8243;][vc_row_inner][vc_column_inner css=&#8221;.vc_custom_1478138437955{margin-top: 10px !important;margin-right: 10px !important;margin-bottom: 10px !important;margin-left: 10px !important;border-top-width: 10px !important;border-right-width: 10px !important;border-bottom-width: 10px !important;border-left-width: 10px !important;padding-top: 10px !important;padding-right: 10px !important;padding-bottom: 10px !important;padding-left: 10px !important;}&#8221;][vc_column_text]<strong>Nh\u00e0 \u0111\u1ec3 xe, t\u01b0\u1eddng v\u00e1ch k\u00ednh, h\u1ec7 th\u1ed1ng thang m\u00e1y t\u00e1ch bi\u1ec7t g\u1ed3m thang m\u00e1y di chuy\u1ec3n v\u00e0 thang v\u1eadn chuy\u1ec3n h\u00e0ng h\u00f3a, h\u1ec7 th\u1ed1ng t\u1ee7 \u0111i\u1ec7n ti\u00ean ti\u1ebfn v\u00e0 h\u1ec7 th\u1ed1ng PCCC t\u1ef1 \u0111\u1ed9ng.<\/strong><\/p>\n<p>[\/vc_column_text][\/vc_column_inner][\/vc_row_inner][vc_row_inner css=&#8221;.vc_custom_1478138781254{margin-top: 10px !important;margin-bottom: 10px !important;padding-top: 0px !important;padding-bottom: 0px !important;}&#8221;][vc_column_inner width=&#8221;1\/2&#8243; css=&#8221;.vc_custom_1478154060997{margin-top: 0px !important;margin-right: 0px !important;margin-bottom: 0px !important;margin-left: 0px !important;}&#8221;][vc_single_image image=&#8221;1080&#8243; img_size=&#8221;large&#8221;][\/vc_column_inner][vc_column_inner width=&#8221;1\/2&#8243; css=&#8221;.vc_custom_1478154071036{margin-top: 0px !important;margin-right: 0px !important;margin-bottom: 0px !important;margin-left: 0px !important;}&#8221;][vc_single_image image=&#8221;1065&#8243; img_size=&#8221;large&#8221;][\/vc_column_inner][\/vc_row_inner][vc_row_inner css=&#8221;.vc_custom_1478138795989{margin-top: 10px !important;margin-bottom: 10px !important;}&#8221;][vc_column_inner width=&#8221;1\/2&#8243; css=&#8221;.vc_custom_1478154080138{margin-top: 0px !important;margin-right: 0px !important;margin-bottom: 0px !important;margin-left: 0px !important;}&#8221;][vc_single_image image=&#8221;1055&#8243; img_size=&#8221;large&#8221;][\/vc_column_inner][vc_column_inner width=&#8221;1\/2&#8243; css=&#8221;.vc_custom_1478154090019{margin-top: 0px !important;margin-right: 0px !important;margin-bottom: 0px !important;margin-left: 0px !important;}&#8221;][vc_single_image image=&#8221;1066&#8243; img_size=&#8221;large&#8221;][\/vc_column_inner][\/vc_row_inner][vc_row_inner css=&#8221;.vc_custom_1478070638780{margin-top: 20px !important;margin-bottom: 20px !important;}&#8221;][vc_column_inner width=&#8221;1\/2&#8243; css=&#8221;.vc_custom_1478154098475{margin-top: 0px !important;margin-right: 0px !important;margin-bottom: 0px !important;margin-left: 0px !important;}&#8221;][vc_single_image image=&#8221;979&#8243; img_size=&#8221;large&#8221;][\/vc_column_inner][vc_column_inner width=&#8221;1\/2&#8243; css=&#8221;.vc_custom_1478154106091{margin-top: 0px !important;margin-right: 0px !important;margin-bottom: 0px !important;margin-left: 0px !important;}&#8221;][vc_single_image image=&#8221;1077&#8243; img_size=&#8221;large&#8221;][\/vc_column_inner][\/vc_row_inner][vc_row_inner css=&#8221;.vc_custom_1478070638780{margin-top: 20px !important;margin-bottom: 20px !important;}&#8221;][vc_column_inner width=&#8221;1\/2&#8243; css=&#8221;.vc_custom_1478154117275{margin-top: 0px !important;margin-right: 0px !important;margin-bottom: 0px !important;margin-left: 0px !important;}&#8221;][vc_single_image image=&#8221;1078&#8243; img_size=&#8221;large&#8221;][\/vc_column_inner][vc_column_inner width=&#8221;1\/2&#8243; css=&#8221;.vc_custom_1478154126827{margin-top: 0px !important;margin-right: 0px !important;margin-bottom: 0px !important;margin-left: 0px !important;}&#8221;][vc_single_image image=&#8221;1056&#8243; img_size=&#8221;large&#8221;][\/vc_column_inner][\/vc_row_inner][vc_row_inner][vc_column_inner][vc_column_text]<strong>Vi\u1ec5n th\u00f4ng, h\u1ea1 t\u1ea7ng b\u0103ng th\u00f4ng r\u1ed9ng theo m\u00f4 h\u00ecnh \u201cm\u1ed9t h\u1ec7 th\u1ed1ng \u0111a d\u1ecbch v\u1ee5\u201d. Ngu\u1ed3n c\u1ea5p n\u01b0\u1edbc t\u1eeb 2 nh\u00e0 m\u00e1y n\u01b0\u1edbc Th\u1ee7 \u0110\u1ee9c v\u00e0 B\u00ecnh An, h\u1ec7 th\u1ed1ng x\u1eed l\u00fd n\u01b0\u1edbc th\u1ea3i \u0111\u1ea1t ti\u00eau chu\u1ea9n A, ngu\u1ed3n cung kh\u00ed ga c\u00f4ng nghi\u1ec7p t\u1ea1i ch\u1ed7.<\/strong>[\/vc_column_text][\/vc_column_inner][\/vc_row_inner][\/vc_tab][vc_tab title=&#8221;GI\u00c1 V\u00c0 \u01afU \u0110\u00c3I&#8221; tab_id=&#8221;07af73ac-47e3-4&#8243;][vc_column_text]<strong>&#8211; 4.0 \u2013 5.5 USD\/m2\/th\u00e1ng (ch\u01b0a VAT).<\/strong><br \/>\n<strong>&#8211; Mi\u1ec5n ph\u00ed 1 th\u00e1ng thu\u00ea m\u1eb7t b\u1eb1ng t\u00ednh t\u1eeb ng\u00e0y hai b\u00ean k\u00fd h\u1ee3p \u0111\u1ed3ng thu\u00ea.<\/strong><br \/>\n<strong>&#8211; X\u00e2y d\u1ef1ng x\u01b0\u1edfng theo y\u00eau c\u1ea7u thi\u1ebft k\u1ebf c\u1ee7a kh\u00e1ch h\u00e0ng n\u1ebfu th\u1eddi gian<\/strong><br \/>\n<strong>thu\u00ea tr\u00ean 15 n\u0103m v\u1edbi gi\u00e1 thu\u00ea \u01b0u \u0111\u00e3i.<\/strong><br \/>\n<strong>&#8211; \u0110i\u1ec7n: C\u00f4ng su\u1ea5t t\u1ed1i \u0111a 350A\/t\u1ea7ng.<\/strong><br \/>\n<strong>Gi\u1edd cao \u0111i\u1ec3m 2.637\u0111\/kWH, gi\u1edd b\u00ecnh th\u01b0\u1eddng 1453\u0111\/kWH, gi\u1edd th\u1ea5p \u0111i\u1ec3m<\/strong><br \/>\n<strong>934\u0111\/kWH 350A.<\/strong><br \/>\n<strong>&#8211; N\u01b0\u1edbc: s\u1ee9c ch\u1ee9a 160m3, gi\u00e1 9.600\u0111\/m3.<\/strong><br \/>\n<strong>&#8211; H\u00ecnh th\u1ee9c thanh to\u00e1n: thanh to\u00e1n t\u1eebng \u0111\u1ee3t 3 th\u00e1ng, 6 th\u00e1ng ho\u1eb7c 1 n\u0103m\/l\u1ea7n.<\/strong><br \/>\n<strong>&#8211; K\u00fd h\u1ee3p \u0111\u1ed3ng t\u1ed1i thi\u1ec3u 3 n\u0103m v\u00e0 \u0111\u1eb7t c\u1ecdc tr\u01b0\u1edbc 3-6 th\u00e1ng.<\/strong>[\/vc_column_text][\/vc_tab][\/vc_tabs][\/vc_column][\/vc_row][vc_row full_width=&#8221;stretch_row&#8221; el_class=&#8221;banner-contact-footer&#8221;][vc_column][vc_column_text]<\/p>\n<div class=\"text1\">Vui l\u00f2ng li\u00ean h\u1ec7 v\u1edbi ch\u00fang t\u00f4i \u0111\u1ec3 \u0111\u01b0\u1ee3c t\u01b0 v\u1ea5n<\/div>\n<div class=\"text2\">Hotline 0901 88 19 68 ho\u1eb7c email info@hitechfactory.vn<\/div>\n<p>[\/vc_column_text][\/vc_column][\/vc_row]<\/p>\n","protected":false},"excerpt":{"rendered":"<p>[vc_row][vc_column][vc_custom_heading text=&#8221;CHO THU\u00ca NH\u00c0 X\u01af\u1edeNG&#8221; font_container=&#8221;tag:h2|text_ [&hellip;]<\/p>\n","protected":false},"author":2,"featured_media":1851,"parent":0,"menu_order":0,"comment_status":"closed","ping_status":"closed","template":"","meta":{"footnotes":""},"class_list":["post-1910","page","type-page","status-publish","has-post-thumbnail","hentry"],"_links":{"self":[{"href":"https:\/\/hitechfactory.vn\/ja\/wp-json\/wp\/v2\/pages\/1910","targetHints":{"allow":["GET"]}}],"collection":[{"href":"https:\/\/hitechfactory.vn\/ja\/wp-json\/wp\/v2\/pages"}],"about":[{"href":"https:\/\/hitechfactory.vn\/ja\/wp-json\/wp\/v2\/types\/page"}],"author":[{"embeddable":true,"href":"https:\/\/hitechfactory.vn\/ja\/wp-json\/wp\/v2\/users\/2"}],"replies":[{"embeddable":true,"href":"https:\/\/hitechfactory.vn\/ja\/wp-json\/wp\/v2\/comments?post=1910"}],"version-history":[{"count":1,"href":"https:\/\/hitechfactory.vn\/ja\/wp-json\/wp\/v2\/pages\/1910\/revisions"}],"predecessor-version":[{"id":1911,"href":"https:\/\/hitechfactory.vn\/ja\/wp-json\/wp\/v2\/pages\/1910\/revisions\/1911"}],"wp:featuredmedia":[{"embeddable":true,"href":"https:\/\/hitechfactory.vn\/ja\/wp-json\/wp\/v2\/media\/1851"}],"wp:attachment":[{"href":"https:\/\/hitechfactory.vn\/ja\/wp-json\/wp\/v2\/media?parent=1910"}],"curies":[{"name":"wp","href":"https:\/\/api.w.org\/{rel}","templated":true}]}}