{"id":1900,"date":"2016-10-13T02:58:34","date_gmt":"2016-10-12T19:58:34","guid":{"rendered":"http:\/\/hitechfactory.vn\/?page_id=1900&#038;lang=ja"},"modified":"2016-12-16T14:35:55","modified_gmt":"2016-12-16T07:35:55","slug":"horitsu-jo-no-jogen","status":"publish","type":"page","link":"https:\/\/hitechfactory.vn\/ja\/horitsu-jo-no-jogen\/","title":{"rendered":"\u6cd5\u5f8b\u4e0a\u306e\u52a9\u8a00"},"content":{"rendered":"<p>[vc_row][vc_column][vc_custom_heading text=&#8221;T\u01af V\u1ea4N PH\u00c1P L\u00dd&#8221; font_container=&#8221;tag:h2|text_align:center|color:%23033379&#8243; google_fonts=&#8221;font_family:Roboto%3A100%2C100italic%2C300%2C300italic%2Cregular%2Citalic%2C500%2C500italic%2C700%2C700italic%2C900%2C900italic|font_style:900%20bold%20italic%3A900%3Aitalic&#8221;][vc_column_text]<\/p>\n<p style=\"text-align: center;\"><strong>Ch\u00fang t\u00f4i s\u1ebd h\u1ed7 tr\u1ee3 qu\u00fd kh\u00e1ch h\u00e0ng thu\u00ea x\u01b0\u1edfng t\u1eeb vi\u1ec7c t\u01b0 v\u1ea5n v\u1ec1 c\u00e1c th\u1ee7 t\u1ee5c ph\u00e1p l\u00fd v\u00e0o Khu C\u00f4ng ngh\u1ec7 cao, th\u1ee7 t\u1ee5c thu\u00ea nh\u00e0 x\u01b0\u1edfng, xin c\u00e1c gi\u1ea5y ph\u00e9p, gi\u1ea5y ch\u1ee9ng nh\u1eadn \u0111\u1ec3 \u0111\u01b0\u1ee3c ho\u1ea1t \u0111\u1ed9ng s\u1ea3n xu\u1ea5t t\u1ea1i Hi-Tech v\u00e0 Khu C\u00f4ng ngh\u1ec7 cao nh\u1eb1m gi\u00fap doanh nghi\u1ec7p gi\u1ea3m thi\u1ec3u chi ph\u00ed v\u00e0 r\u1ee7i ro.<\/strong><\/p>\n<p>[\/vc_column_text][\/vc_column][\/vc_row][vc_row full_width=&#8221;stretch_row&#8221; el_class=&#8221;banner-contact-footer&#8221;][vc_column][vc_column_text]<\/p>\n<div class=\"text1\">Xin vui l\u00f2ng li\u00ean h\u1ec7 v\u1edbi ch\u00fang t\u00f4i<\/div>\n<div class=\"text2\">0901 88 19 68 ho\u1eb7c Email: info@hitechfactory.vn<\/div>\n<p>[\/vc_column_text][\/vc_column][\/vc_row]<\/p>\n","protected":false},"excerpt":{"rendered":"<p>[vc_row][vc_column][vc_custom_heading text=&#8221;T\u01af V\u1ea4N PH\u00c1P L\u00dd&#8221; font_container=&#8221;tag:h2|text_alig [&hellip;]<\/p>\n","protected":false},"author":2,"featured_media":0,"parent":0,"menu_order":0,"comment_status":"closed","ping_status":"closed","template":"","meta":{"footnotes":""},"class_list":["post-1900","page","type-page","status-publish","hentry"],"_links":{"self":[{"href":"https:\/\/hitechfactory.vn\/ja\/wp-json\/wp\/v2\/pages\/1900","targetHints":{"allow":["GET"]}}],"collection":[{"href":"https:\/\/hitechfactory.vn\/ja\/wp-json\/wp\/v2\/pages"}],"about":[{"href":"https:\/\/hitechfactory.vn\/ja\/wp-json\/wp\/v2\/types\/page"}],"author":[{"embeddable":true,"href":"https:\/\/hitechfactory.vn\/ja\/wp-json\/wp\/v2\/users\/2"}],"replies":[{"embeddable":true,"href":"https:\/\/hitechfactory.vn\/ja\/wp-json\/wp\/v2\/comments?post=1900"}],"version-history":[{"count":1,"href":"https:\/\/hitechfactory.vn\/ja\/wp-json\/wp\/v2\/pages\/1900\/revisions"}],"predecessor-version":[{"id":1902,"href":"https:\/\/hitechfactory.vn\/ja\/wp-json\/wp\/v2\/pages\/1900\/revisions\/1902"}],"wp:attachment":[{"href":"https:\/\/hitechfactory.vn\/ja\/wp-json\/wp\/v2\/media?parent=1900"}],"curies":[{"name":"wp","href":"https:\/\/api.w.org\/{rel}","templated":true}]}}