{"id":1909,"date":"2016-10-10T08:53:31","date_gmt":"2016-10-10T01:53:31","guid":{"rendered":"http:\/\/hitechfactory.vn\/?page_id=1909&#038;lang=en"},"modified":"2017-01-12T14:57:06","modified_gmt":"2017-01-12T07:57:06","slug":"factory-for-lease","status":"publish","type":"page","link":"https:\/\/hitechfactory.vn\/en\/factory-for-lease\/","title":{"rendered":"Factory For Lease"},"content":{"rendered":"<p>[vc_row][vc_column][vc_custom_heading text=&#8221;<strong>FACTORY LEASE<\/strong>&#8221; font_container=&#8221;tag:h2|text_align:center|color:%23033379&#8243; google_fonts=&#8221;font_family:Roboto%3A100%2C100italic%2C300%2C300italic%2Cregular%2Citalic%2C500%2C500italic%2C700%2C700italic%2C900%2C900italic|font_style:900%20bold%20italic%3A900%3Aitalic&#8221;][vc_column_text]<\/p>\n<p style=\"text-align: center;\"><strong>&#8211;\u00a04 high factory system 6 floors with an area of from 1200m2-2700m2 to meet modern standards, aesthetics, many utilities serving the investment needs of production and warehouse work, offices of enterprises in high-tech zone in Ho Chi Minh City.<\/strong><\/p>\n<p>[\/vc_column_text][\/vc_column][\/vc_row][vc_row][vc_column width=&#8221;1\/2&#8243;][vc_images_carousel images=&#8221;986,987,988,989,985&#8243; img_size=&#8221;full&#8221;][vc_column_text]<\/p>\n<p style=\"text-align: center;\"><strong>FACTORY 01<\/strong><br \/>\n<em>Di\u1ec7n t\u00edch<\/em> 2.500 m2<\/p>\n<p>[\/vc_column_text][\/vc_column][vc_column width=&#8221;1\/2&#8243;][vc_images_carousel images=&#8221;992,993,994,995,996&#8243; img_size=&#8221;full&#8221;][vc_column_text]<\/p>\n<p style=\"text-align: center;\"><strong>FACTORY 02<\/strong><br \/>\n<em>Di\u1ec7n t\u00edch<\/em> 2.700 m2<\/p>\n<p>[\/vc_column_text][\/vc_column][\/vc_row][vc_row][vc_column width=&#8221;1\/2&#8243;][vc_images_carousel images=&#8221;998,999,1000,1001,1002,1003&#8243; img_size=&#8221;full&#8221;][vc_column_text]<\/p>\n<p style=\"text-align: center;\"><b>FACTORY\u00a003<\/b><br \/>\n<em>Di\u1ec7n t\u00edch<\/em> 2.600 m2<\/p>\n<p>[\/vc_column_text][\/vc_column][vc_column width=&#8221;1\/2&#8243;][vc_images_carousel images=&#8221;1017,1018,1019,1020,1021&#8243; img_size=&#8221;full&#8221;][vc_column_text]<\/p>\n<p style=\"text-align: center;\"><b>FACTORY\u00a004<\/b><br \/>\n<em>Di\u1ec7n t\u00edch<\/em>\u00a01.200 m2<\/p>\n<p>[\/vc_column_text][\/vc_column][\/vc_row][vc_row][vc_column][vc_tabs][vc_tab title=&#8221;<strong>UTILITIES:\u00a0<\/strong>&#8221; tab_id=&#8221;a0791e9a-7c67-1&#8243;][vc_row_inner][vc_column_inner css=&#8221;.vc_custom_1478138437955{margin-top: 10px !important;margin-right: 10px !important;margin-bottom: 10px !important;margin-left: 10px !important;border-top-width: 10px !important;border-right-width: 10px !important;border-bottom-width: 10px !important;border-left-width: 10px !important;padding-top: 10px !important;padding-right: 10px !important;padding-bottom: 10px !important;padding-left: 10px !important;}&#8221;][vc_column_text]<strong>Garage, glass walls, separate elevator systems include elevators moving and freight lifts, advanced power conditioning system and automatic fire protection system.<\/strong><\/p>\n<p>[\/vc_column_text][\/vc_column_inner][\/vc_row_inner][vc_row_inner css=&#8221;.vc_custom_1478138781254{margin-top: 10px !important;margin-bottom: 10px !important;padding-top: 0px !important;padding-bottom: 0px !important;}&#8221;][vc_column_inner width=&#8221;1\/2&#8243; css=&#8221;.vc_custom_1478154060997{margin-top: 0px !important;margin-right: 0px !important;margin-bottom: 0px !important;margin-left: 0px !important;}&#8221;][vc_single_image image=&#8221;1080&#8243; img_size=&#8221;large&#8221;][\/vc_column_inner][vc_column_inner width=&#8221;1\/2&#8243; css=&#8221;.vc_custom_1478154071036{margin-top: 0px !important;margin-right: 0px !important;margin-bottom: 0px !important;margin-left: 0px !important;}&#8221;][vc_single_image image=&#8221;1065&#8243; img_size=&#8221;large&#8221;][\/vc_column_inner][\/vc_row_inner][vc_row_inner css=&#8221;.vc_custom_1478138795989{margin-top: 10px !important;margin-bottom: 10px !important;}&#8221;][vc_column_inner width=&#8221;1\/2&#8243; css=&#8221;.vc_custom_1478154080138{margin-top: 0px !important;margin-right: 0px !important;margin-bottom: 0px !important;margin-left: 0px !important;}&#8221;][vc_single_image image=&#8221;1055&#8243; img_size=&#8221;large&#8221;][\/vc_column_inner][vc_column_inner width=&#8221;1\/2&#8243; css=&#8221;.vc_custom_1478154090019{margin-top: 0px !important;margin-right: 0px !important;margin-bottom: 0px !important;margin-left: 0px !important;}&#8221;][vc_single_image image=&#8221;1066&#8243; img_size=&#8221;large&#8221;][\/vc_column_inner][\/vc_row_inner][vc_row_inner css=&#8221;.vc_custom_1478070638780{margin-top: 20px !important;margin-bottom: 20px !important;}&#8221;][vc_column_inner width=&#8221;1\/2&#8243; css=&#8221;.vc_custom_1478154098475{margin-top: 0px !important;margin-right: 0px !important;margin-bottom: 0px !important;margin-left: 0px !important;}&#8221;][vc_single_image image=&#8221;979&#8243; img_size=&#8221;large&#8221;][\/vc_column_inner][vc_column_inner width=&#8221;1\/2&#8243; css=&#8221;.vc_custom_1478154106091{margin-top: 0px !important;margin-right: 0px !important;margin-bottom: 0px !important;margin-left: 0px !important;}&#8221;][vc_single_image image=&#8221;1077&#8243; img_size=&#8221;large&#8221;][\/vc_column_inner][\/vc_row_inner][vc_row_inner css=&#8221;.vc_custom_1478070638780{margin-top: 20px !important;margin-bottom: 20px !important;}&#8221;][vc_column_inner width=&#8221;1\/2&#8243; css=&#8221;.vc_custom_1478154117275{margin-top: 0px !important;margin-right: 0px !important;margin-bottom: 0px !important;margin-left: 0px !important;}&#8221;][vc_single_image image=&#8221;1078&#8243; img_size=&#8221;large&#8221;][\/vc_column_inner][vc_column_inner width=&#8221;1\/2&#8243; css=&#8221;.vc_custom_1478154126827{margin-top: 0px !important;margin-right: 0px !important;margin-bottom: 0px !important;margin-left: 0px !important;}&#8221;][vc_single_image image=&#8221;1056&#8243; img_size=&#8221;large&#8221;][\/vc_column_inner][\/vc_row_inner][vc_row_inner][vc_column_inner][vc_column_text]<strong>Telecommunications, broadband infrastructure under the model of &#8220;a multi-service system&#8221;. Water supply from two water plants Thu Duc and Binh An, wastewater treatment systems standard A, industrial gas supply in place.<\/strong>[\/vc_column_text][\/vc_column_inner][\/vc_row_inner][\/vc_tab][vc_tab title=&#8221;<strong>RATES AND SPECIALS<\/strong>&#8221; tab_id=&#8221;07af73ac-47e3-4&#8243;][vc_column_text]<strong>&#8211; 4.0 &#8211; 5.5 USD \/ m2 \/ month (excluding VAT). <\/strong><br \/>\n<strong>&#8211; 1 month free rent from the date the two sides signed a lease. <\/strong><br \/>\n<strong>&#8211; Building design workshops at the request of the customer if the time <\/strong><br \/>\n<strong>on the 15-year lease with preferential rents. <\/strong><br \/>\n<strong>&#8211; Electrical: Maximum capacity 350A \/ floor. <\/strong><br \/>\n<strong>Peak time 2.637d \/ kWH, normal hours 1453d \/ kWH, peak <\/strong><br \/>\n<strong>934d \/ kWH 350A. <\/strong><br \/>\n<strong>&#8211; Water: a capacity of 160m3, price 9.600d \/ m3. <\/strong><br \/>\n<strong>&#8211; Form of payment: payment in installments for 3 months, 6 months or 1 year \/ time. <\/strong><br \/>\n<strong>&#8211; Signing a contract for at least 3 years and 3-6 months deposit<\/strong>.[\/vc_column_text][\/vc_tab][\/vc_tabs][\/vc_column][\/vc_row][vc_row full_width=&#8221;stretch_row&#8221; el_class=&#8221;banner-contact-footer&#8221;][vc_column][vc_column_text]<\/p>\n<div class=\"text1\">Vui l\u00f2ng li\u00ean h\u1ec7 v\u1edbi ch\u00fang t\u00f4i \u0111\u1ec3 \u0111\u01b0\u1ee3c t\u01b0 v\u1ea5n<\/div>\n<div class=\"text2\">Hotline 0901 88 19 68 ho\u1eb7c email info@hitechfactory.vn<\/div>\n<p>[\/vc_column_text][\/vc_column][\/vc_row]<\/p>\n","protected":false},"excerpt":{"rendered":"<p>[vc_row][vc_column][vc_custom_heading text=&#8221;FACTORY LEASE&#8221; font_container=&#8221;tag:h2|text_align:center|color:%23033379&#8243; google_fonts=&#8221;font_family:Roboto%3A100%2C100italic%2C300%2C300italic%2Cregular%2Citalic%2C500%2C500italic%2C700%2C700italic%2C900%2C900italic|font_style:900%20bold%20italic%3A900%3Aitalic&#8221;][vc_column_text] &#8211;\u00a04 high factory system 6 floors with an area of from 1200m2-2700m2 to meet modern standards, aesthetics, many utilities serving the investment needs of production and warehouse work, offices of enterprises in high-tech zone in Ho Chi Minh City. [\/vc_column_text][\/vc_column][\/vc_row][vc_row][vc_column width=&#8221;1\/2&#8243;][vc_images_carousel images=&#8221;986,987,988,989,985&#8243; img_size=&#8221;full&#8221;][vc_column_text] FACTORY 01 Di\u1ec7n t\u00edch 2.500 m2 [\/vc_column_text][\/vc_column][vc_column [&hellip;]<\/p>\n","protected":false},"author":2,"featured_media":1850,"parent":0,"menu_order":0,"comment_status":"closed","ping_status":"closed","template":"","meta":{"footnotes":""},"class_list":["post-1909","page","type-page","status-publish","has-post-thumbnail","hentry"],"_links":{"self":[{"href":"https:\/\/hitechfactory.vn\/en\/wp-json\/wp\/v2\/pages\/1909","targetHints":{"allow":["GET"]}}],"collection":[{"href":"https:\/\/hitechfactory.vn\/en\/wp-json\/wp\/v2\/pages"}],"about":[{"href":"https:\/\/hitechfactory.vn\/en\/wp-json\/wp\/v2\/types\/page"}],"author":[{"embeddable":true,"href":"https:\/\/hitechfactory.vn\/en\/wp-json\/wp\/v2\/users\/2"}],"replies":[{"embeddable":true,"href":"https:\/\/hitechfactory.vn\/en\/wp-json\/wp\/v2\/comments?post=1909"}],"version-history":[{"count":6,"href":"https:\/\/hitechfactory.vn\/en\/wp-json\/wp\/v2\/pages\/1909\/revisions"}],"predecessor-version":[{"id":2223,"href":"https:\/\/hitechfactory.vn\/en\/wp-json\/wp\/v2\/pages\/1909\/revisions\/2223"}],"wp:featuredmedia":[{"embeddable":true,"href":"https:\/\/hitechfactory.vn\/en\/wp-json\/wp\/v2\/media\/1850"}],"wp:attachment":[{"href":"https:\/\/hitechfactory.vn\/en\/wp-json\/wp\/v2\/media?parent=1909"}],"curies":[{"name":"wp","href":"https:\/\/api.w.org\/{rel}","templated":true}]}}